{"id":45,"date":"2017-06-29T08:12:43","date_gmt":"2017-06-29T07:12:43","guid":{"rendered":"http:\/\/blog.exasoft.cz\/?page_id=45"},"modified":"2017-06-29T08:13:59","modified_gmt":"2017-06-29T07:13:59","slug":"slovnicek-pojmu","status":"publish","type":"page","link":"https:\/\/blog.exasoft.cz\/index.php\/slovnicek-pojmu\/","title":{"rendered":"Slovn\u00ed\u010dek pojm\u016f"},"content":{"rendered":"<h3>o<\/h3>\n<p><a href=\"http:\/\/blog.exasoft.cz\/index.php\/slovnicek-operacni-system\/\">Opera\u010dn\u00ed syst\u00e9m<\/a><\/p>\n","protected":false},"excerpt":{"rendered":"<p>o Opera\u010dn\u00ed syst\u00e9m<\/p>\n","protected":false},"author":1,"featured_media":0,"parent":0,"menu_order":0,"comment_status":"closed","ping_status":"closed","template":"","meta":{"_et_pb_use_builder":"","_et_pb_old_content":"","_et_gb_content_width":"","footnotes":""},"class_list":["post-45","page","type-page","status-publish","hentry"],"_links":{"self":[{"href":"https:\/\/blog.exasoft.cz\/index.php\/wp-json\/wp\/v2\/pages\/45"}],"collection":[{"href":"https:\/\/blog.exasoft.cz\/index.php\/wp-json\/wp\/v2\/pages"}],"about":[{"href":"https:\/\/blog.exasoft.cz\/index.php\/wp-json\/wp\/v2\/types\/page"}],"author":[{"embeddable":true,"href":"https:\/\/blog.exasoft.cz\/index.php\/wp-json\/wp\/v2\/users\/1"}],"replies":[{"embeddable":true,"href":"https:\/\/blog.exasoft.cz\/index.php\/wp-json\/wp\/v2\/comments?post=45"}],"version-history":[{"count":2,"href":"https:\/\/blog.exasoft.cz\/index.php\/wp-json\/wp\/v2\/pages\/45\/revisions"}],"predecessor-version":[{"id":50,"href":"https:\/\/blog.exasoft.cz\/index.php\/wp-json\/wp\/v2\/pages\/45\/revisions\/50"}],"wp:attachment":[{"href":"https:\/\/blog.exasoft.cz\/index.php\/wp-json\/wp\/v2\/media?parent=45"}],"curies":[{"name":"wp","href":"https:\/\/api.w.org\/{rel}","templated":true}]}}